{"id":29,"date":"2025-04-14T10:41:46","date_gmt":"2025-04-14T08:41:46","guid":{"rendered":"https:\/\/www.zus.cz\/maraton\/?page_id=29"},"modified":"2025-05-07T21:38:21","modified_gmt":"2025-05-07T19:38:21","slug":"uvod","status":"publish","type":"page","link":"https:\/\/www.zus.cz\/maraton\/","title":{"rendered":"uvod"},"content":{"rendered":"\n<p class=\"has-medium-font-size\">Zveme V\u00e1s na galap\u0159ehl\u00eddku \u017e\u00e1k\u016f pra\u017esk\u00fdch z\u00e1kladn\u00edch um\u011bleck\u00fdch \u0161kol, kter\u00e1 se kon\u00e1 ve st\u0159edu 11. \u010dervna 2025 na St\u0159eleck\u00e9m ostrov\u011b v Praze pod z\u00e1\u0161titou \u010dlena Rady hlavn\u00edho m\u011bsta Prahy Mgr. et Mgr. Anton\u00edna Klecandy, MBA.<\/p>\n","protected":false},"excerpt":{"rendered":"<p>Zveme V\u00e1s na galap\u0159ehl\u00eddku \u017e\u00e1k\u016f pra\u017esk\u00fdch z\u00e1kladn\u00edch um\u011bleck\u00fdch \u0161kol, kter\u00e1 se kon\u00e1 ve st\u0159edu 11. \u010dervna 2025 na St\u0159eleck\u00e9m ostrov\u011b v Praze pod z\u00e1\u0161titou \u010dlena Rady hlavn\u00edho m\u011bsta Prahy Mgr. &#8230;<\/p>\n","protected":false},"author":1,"featured_media":0,"parent":0,"menu_order":0,"comment_status":"closed","ping_status":"closed","template":"","meta":{"footnotes":""},"class_list":["post-29","page","type-page","status-publish","hentry"],"_links":{"self":[{"href":"https:\/\/www.zus.cz\/maraton\/wp-json\/wp\/v2\/pages\/29","targetHints":{"allow":["GET"]}}],"collection":[{"href":"https:\/\/www.zus.cz\/maraton\/wp-json\/wp\/v2\/pages"}],"about":[{"href":"https:\/\/www.zus.cz\/maraton\/wp-json\/wp\/v2\/types\/page"}],"author":[{"embeddable":true,"href":"https:\/\/www.zus.cz\/maraton\/wp-json\/wp\/v2\/users\/1"}],"replies":[{"embeddable":true,"href":"https:\/\/www.zus.cz\/maraton\/wp-json\/wp\/v2\/comments?post=29"}],"version-history":[{"count":3,"href":"https:\/\/www.zus.cz\/maraton\/wp-json\/wp\/v2\/pages\/29\/revisions"}],"predecessor-version":[{"id":51,"href":"https:\/\/www.zus.cz\/maraton\/wp-json\/wp\/v2\/pages\/29\/revisions\/51"}],"wp:attachment":[{"href":"https:\/\/www.zus.cz\/maraton\/wp-json\/wp\/v2\/media?parent=29"}],"curies":[{"name":"wp","href":"https:\/\/api.w.org\/{rel}","templated":true}]}}