{"id":33,"date":"2025-04-14T10:51:58","date_gmt":"2025-04-14T08:51:58","guid":{"rendered":"https:\/\/www.zus.cz\/maraton\/?page_id=33"},"modified":"2025-05-07T22:40:01","modified_gmt":"2025-05-07T20:40:01","slug":"program","status":"publish","type":"page","link":"https:\/\/www.zus.cz\/maraton\/program\/","title":{"rendered":"Program"},"content":{"rendered":"\n<p class=\"has-medium-font-size\"><\/p>\n\n\n\n<figure class=\"wp-block-table is-style-stripes has-medium-font-size\"><table class=\"has-black-color has-luminous-vivid-amber-background-color has-text-color has-background has-link-color has-fixed-layout\"><tbody><tr><td colspan=\"3\"><strong><mark style=\"background-color:rgba(0, 0, 0, 0)\" class=\"has-inline-color has-vivid-red-color\">VELK\u00c1 SC\u00c9NA<\/mark><\/strong><\/td><\/tr><tr><td>14:00<\/td><td>Soubor zobcov\u00fdch fl\u00e9ten&nbsp;Aulodie<\/td><td>ZU\u0160 Ji\u017en\u00ed M\u011bsto<\/td><\/tr><tr><td>15:00<\/td><td>Band&nbsp;DIXIES<\/td><td>ZU\u0160 Lounsk\u00fdch<\/td><\/tr><tr><td>16:00<\/td><td>Little Big Band<\/td><td>ZU\u0160 Marie Podvalov\u00e9<\/td><\/tr><tr><td>17:00<\/td><td>Big band PROSEKO<\/td><td>ZU\u0160 U Proseck\u00e9 \u0161koly<\/td><\/tr><tr><td>18:00<\/td><td>Kytarov\u00fd orchestr<\/td><td>ZU\u0160 P\u0161trossova<\/td><\/tr><tr><td>19:00<\/td><td>Symfonick\u00fd orchestr ESO<\/td><td>ZU\u0160 Klapkova<\/td><\/tr><tr><td>20:00<\/td><td>Big band Biskupsk\u00e1<\/td><td>ZU\u0160 Biskupsk\u00e1<\/td><\/tr><tr><td colspan=\"3\"><strong><mark style=\"background-color:rgba(0, 0, 0, 0)\" class=\"has-inline-color has-vivid-cyan-blue-color\">MAL\u00c1 SC\u00c9NA<\/mark><\/strong><\/td><\/tr><tr><td>14:30<\/td><td>Lidov\u00fd soubor Melodika<br>Akordeonov\u00fd soubor Stod\u016flky<br>Bubenick\u00fd soubor Stod\u016flky<\/td><td>ZU\u0160 Stod\u016flky<\/td><\/tr><tr><td>15:30<\/td><td>Akordeonov\u00fd kvintet<br>Duo<br>\u017des\u0165ov\u00fd soubor<br>Duo<br>Bubenick\u00e1 show<\/td><td>ZU\u0160 Charlotty Masarykov\u00e9<\/td><\/tr><tr><td>16:30<\/td><td>P\u011bveck\u00fd sbor Coloreton<\/td><td>ZU\u0160 Ilji Hurn\u00edka<\/td><\/tr><tr><td>17:30<\/td><td>Lidov\u00e1 muzika Jarov\u00e1\u010dek<\/td><td>ZU\u0160 U\u010d\u0148ovsk\u00e1<\/td><\/tr><tr><td>18:30<\/td><td>Pop kapela The Olsen<\/td><td>ZU\u0160 Ole\u0161sk\u00e1<\/td><\/tr><tr><td>19:30<\/td><td>Jazz Band<\/td><td>ZU\u0160 \u0158eporyje<\/td><\/tr><\/tbody><\/table><\/figure>\n\n\n\n<p class=\"has-medium-font-size\"><\/p>\n","protected":false},"excerpt":{"rendered":"<p>VELK\u00c1 SC\u00c9NA 14:00 Soubor zobcov\u00fdch fl\u00e9ten&nbsp;Aulodie ZU\u0160 Ji\u017en\u00ed M\u011bsto 15:00 Band&nbsp;DIXIES ZU\u0160 Lounsk\u00fdch 16:00 Little Big Band ZU\u0160 Marie Podvalov\u00e9 17:00 Big band PROSEKO ZU\u0160 U Proseck\u00e9 \u0161koly 18:00 Kytarov\u00fd &#8230;<\/p>\n","protected":false},"author":1,"featured_media":0,"parent":0,"menu_order":0,"comment_status":"closed","ping_status":"closed","template":"","meta":{"footnotes":""},"class_list":["post-33","page","type-page","status-publish","hentry"],"_links":{"self":[{"href":"https:\/\/www.zus.cz\/maraton\/wp-json\/wp\/v2\/pages\/33","targetHints":{"allow":["GET"]}}],"collection":[{"href":"https:\/\/www.zus.cz\/maraton\/wp-json\/wp\/v2\/pages"}],"about":[{"href":"https:\/\/www.zus.cz\/maraton\/wp-json\/wp\/v2\/types\/page"}],"author":[{"embeddable":true,"href":"https:\/\/www.zus.cz\/maraton\/wp-json\/wp\/v2\/users\/1"}],"replies":[{"embeddable":true,"href":"https:\/\/www.zus.cz\/maraton\/wp-json\/wp\/v2\/comments?post=33"}],"version-history":[{"count":2,"href":"https:\/\/www.zus.cz\/maraton\/wp-json\/wp\/v2\/pages\/33\/revisions"}],"predecessor-version":[{"id":53,"href":"https:\/\/www.zus.cz\/maraton\/wp-json\/wp\/v2\/pages\/33\/revisions\/53"}],"wp:attachment":[{"href":"https:\/\/www.zus.cz\/maraton\/wp-json\/wp\/v2\/media?parent=33"}],"curies":[{"name":"wp","href":"https:\/\/api.w.org\/{rel}","templated":true}]}}